{"id":202,"date":"2024-06-18T10:10:45","date_gmt":"2024-06-18T10:10:45","guid":{"rendered":"https:\/\/hahneconsulting.com\/?page_id=202"},"modified":"2025-02-17T05:58:54","modified_gmt":"2025-02-17T05:58:54","slug":"architektur","status":"publish","type":"page","link":"https:\/\/hahneconsulting.com\/de_at\/architektur\/","title":{"rendered":"Architektur"},"content":{"rendered":"<div data-elementor-type=\"wp-page\" data-elementor-id=\"202\" class=\"elementor elementor-202\" data-elementor-post-type=\"page\">\n\t\t\t\t<div class=\"elementor-element elementor-element-f7cd7c5 e-con-full e-flex e-con e-parent\" data-id=\"f7cd7c5\" data-element_type=\"container\" data-e-type=\"container\" data-settings=\"{&quot;background_background&quot;:&quot;classic&quot;}\">\n\t\t<div class=\"elementor-element elementor-element-8e4b87f e-flex e-con-boxed e-con e-child\" data-id=\"8e4b87f\" data-element_type=\"container\" data-e-type=\"container\">\n\t\t\t\t\t<div class=\"e-con-inner\">\n\t\t\t\t<div class=\"elementor-element elementor-element-8578e5f elementor-widget__width-inherit elementor-widget-tablet__width-initial elementor-widget-mobile__width-inherit elementor-widget elementor-widget-heading\" data-id=\"8578e5f\" data-element_type=\"widget\" data-e-type=\"widget\" data-widget_type=\"heading.default\">\n\t\t\t\t<div class=\"elementor-widget-container\">\n\t\t\t\t\t<h2 class=\"elementor-heading-title elementor-size-default\">Architektur<\/h2>\t\t\t\t<\/div>\n\t\t\t\t<\/div>\n\t\t\t\t<div class=\"elementor-element elementor-element-99d6b12 elementor-widget__width-initial elementor-widget-mobile__width-inherit elementor-widget-tablet__width-initial elementor-widget elementor-widget-text-editor\" data-id=\"99d6b12\" data-element_type=\"widget\" data-e-type=\"widget\" data-widget_type=\"text-editor.default\">\n\t\t\t\t<div class=\"elementor-widget-container\">\n\t\t\t\t\t\t\t\t\t<p>Wir entwerfen ma\u00dfgeschneiderte, skalierbare Datenarchitekturen, die exakt auf Ihre spezifischen Gesch\u00e4ftsanforderungen zugeschnitten sind. Unsere L\u00f6sungen schaffen nachhaltigen Mehrwert f\u00fcr Ihr Unternehmen und unterst\u00fctzen Sie dabei, fundierte Gesch\u00e4ftsentscheidungen zu treffen.<\/p>\t\t\t\t\t\t\t\t<\/div>\n\t\t\t\t<\/div>\n\t\t\t\t<div class=\"elementor-element elementor-element-73e4d3a elementor-widget elementor-widget-html\" data-id=\"73e4d3a\" data-element_type=\"widget\" data-e-type=\"widget\" data-widget_type=\"html.default\">\n\t\t\t\t<div class=\"elementor-widget-container\">\n\t\t\t\t\t<img decoding=\"async\" src=\"https:\/\/vg01.met.vgwort.de\/na\/62cd48e86a4144c4a278bde80ac9eff7\" width=\"1\" height=\"1\" alt=\"\">\t\t\t\t<\/div>\n\t\t\t\t<\/div>\n\t\t\t\t\t<\/div>\n\t\t\t\t<\/div>\n\t\t\t\t<\/div>\n\t\t<div class=\"elementor-element elementor-element-396d870d e-con-full e-flex e-con e-parent\" data-id=\"396d870d\" data-element_type=\"container\" data-e-type=\"container\">\n\t\t<div class=\"elementor-element elementor-element-7b428632 e-con-full e-flex e-con e-child\" data-id=\"7b428632\" data-element_type=\"container\" data-e-type=\"container\">\n\t\t\t\t<div class=\"elementor-element elementor-element-a2ef905 elementor-widget elementor-widget-image\" data-id=\"a2ef905\" data-element_type=\"widget\" data-e-type=\"widget\" data-widget_type=\"image.default\">\n\t\t\t\t<div class=\"elementor-widget-container\">\n\t\t\t\t\t\t\t\t\t\t\t\t\t\t\t<img fetchpriority=\"high\" decoding=\"async\" width=\"1414\" height=\"2000\" src=\"https:\/\/hahneconsulting.com\/wp-content\/uploads\/2024\/07\/1.png\" class=\"attachment-full size-full wp-image-1057\" alt=\"\" srcset=\"https:\/\/hahneconsulting.com\/wp-content\/uploads\/2024\/07\/1.png 1414w, https:\/\/hahneconsulting.com\/wp-content\/uploads\/2024\/07\/1-212x300.png 212w, https:\/\/hahneconsulting.com\/wp-content\/uploads\/2024\/07\/1-724x1024.png 724w, https:\/\/hahneconsulting.com\/wp-content\/uploads\/2024\/07\/1-768x1086.png 768w, https:\/\/hahneconsulting.com\/wp-content\/uploads\/2024\/07\/1-1086x1536.png 1086w, https:\/\/hahneconsulting.com\/wp-content\/uploads\/2024\/07\/1-8x12.png 8w\" sizes=\"(max-width: 1414px) 100vw, 1414px\" \/>\t\t\t\t\t\t\t\t\t\t\t\t\t\t\t<\/div>\n\t\t\t\t<\/div>\n\t\t\t\t<\/div>\n\t\t<div class=\"elementor-element elementor-element-668cc13c e-con-full e-flex e-con e-child\" data-id=\"668cc13c\" data-element_type=\"container\" data-e-type=\"container\">\n\t\t<div class=\"elementor-element elementor-element-2dc797ae e-con-full e-flex e-con e-child\" data-id=\"2dc797ae\" data-element_type=\"container\" data-e-type=\"container\">\n\t\t\t\t<div class=\"elementor-element elementor-element-1bfd6b37 elementor-widget-tablet__width-inherit elementor-invisible elementor-widget elementor-widget-heading\" data-id=\"1bfd6b37\" data-element_type=\"widget\" data-e-type=\"widget\" data-settings=\"{&quot;_animation&quot;:&quot;fadeIn&quot;,&quot;_animation_delay&quot;:300}\" data-widget_type=\"heading.default\">\n\t\t\t\t<div class=\"elementor-widget-container\">\n\t\t\t\t\t<h2 class=\"elementor-heading-title elementor-size-default\">Unser Konzept<\/h2>\t\t\t\t<\/div>\n\t\t\t\t<\/div>\n\t\t\t\t<div class=\"elementor-element elementor-element-bd5b024 elementor-widget__width-initial elementor-widget elementor-widget-spacer\" data-id=\"bd5b024\" data-element_type=\"widget\" data-e-type=\"widget\" data-widget_type=\"spacer.default\">\n\t\t\t\t<div class=\"elementor-widget-container\">\n\t\t\t\t\t\t\t<div class=\"elementor-spacer\">\n\t\t\t<div class=\"elementor-spacer-inner\"><\/div>\n\t\t<\/div>\n\t\t\t\t\t\t<\/div>\n\t\t\t\t<\/div>\n\t\t\t\t<div class=\"elementor-element elementor-element-3b4a704f elementor-invisible elementor-widget elementor-widget-heading\" data-id=\"3b4a704f\" data-element_type=\"widget\" data-e-type=\"widget\" data-settings=\"{&quot;_animation_delay&quot;:500,&quot;_animation&quot;:&quot;fadeIn&quot;}\" data-widget_type=\"heading.default\">\n\t\t\t\t<div class=\"elementor-widget-container\">\n\t\t\t\t\t<h2 class=\"elementor-heading-title elementor-size-default\">Fokus auf Architektur<\/h2>\t\t\t\t<\/div>\n\t\t\t\t<\/div>\n\t\t\t\t<\/div>\n\t\t<div class=\"elementor-element elementor-element-52436bc6 e-con-full e-flex e-con e-child\" data-id=\"52436bc6\" data-element_type=\"container\" data-e-type=\"container\">\n\t\t\t\t<div class=\"elementor-element elementor-element-4b430351 elementor-widget__width-auto elementor-widget elementor-widget-heading\" data-id=\"4b430351\" data-element_type=\"widget\" data-e-type=\"widget\" data-widget_type=\"heading.default\">\n\t\t\t\t<div class=\"elementor-widget-container\">\n\t\t\t\t\t<h6 class=\"elementor-heading-title elementor-size-default\">01.<\/h6>\t\t\t\t<\/div>\n\t\t\t\t<\/div>\n\t\t\t\t<div class=\"elementor-element elementor-element-1c606c17 elementor-widget__width-auto elementor-widget-mobile__width-inherit elementor-widget elementor-widget-heading\" data-id=\"1c606c17\" data-element_type=\"widget\" data-e-type=\"widget\" data-widget_type=\"heading.default\">\n\t\t\t\t<div class=\"elementor-widget-container\">\n\t\t\t\t\t<h6 class=\"elementor-heading-title elementor-size-default\">Skalierbare Datenarchitekturen<\/h6>\t\t\t\t<\/div>\n\t\t\t\t<\/div>\n\t\t\t\t<div class=\"elementor-element elementor-element-57a95cd4 elementor-widget__width-inherit elementor-widget elementor-widget-text-editor\" data-id=\"57a95cd4\" data-element_type=\"widget\" data-e-type=\"widget\" data-widget_type=\"text-editor.default\">\n\t\t\t\t<div class=\"elementor-widget-container\">\n\t\t\t\t\t\t\t\t\t<ul><li style=\"font-weight: 400;\" aria-level=\"2\"><span style=\"font-weight: 400;\">Entwicklung von flexiblen und skalierbaren Datenstrukturen, die mit Ihrem Unternehmen wachsen.<\/span><\/li><li><span style=\"font-weight: 400;\">Einsatz moderner Technologien und Best Practices, um sicherzustellen, dass Ihre Datenarchitektur zukunftssicher ist.<\/span><\/li><\/ul>\t\t\t\t\t\t\t\t<\/div>\n\t\t\t\t<\/div>\n\t\t\t\t<\/div>\n\t\t<div class=\"elementor-element elementor-element-6aba9470 e-con-full e-flex e-con e-child\" data-id=\"6aba9470\" data-element_type=\"container\" data-e-type=\"container\">\n\t\t\t\t<div class=\"elementor-element elementor-element-3f1df012 elementor-widget__width-auto elementor-widget elementor-widget-heading\" data-id=\"3f1df012\" data-element_type=\"widget\" data-e-type=\"widget\" data-widget_type=\"heading.default\">\n\t\t\t\t<div class=\"elementor-widget-container\">\n\t\t\t\t\t<h6 class=\"elementor-heading-title elementor-size-default\">02.<\/h6>\t\t\t\t<\/div>\n\t\t\t\t<\/div>\n\t\t\t\t<div class=\"elementor-element elementor-element-1246d191 elementor-widget__width-auto elementor-widget-mobile__width-inherit elementor-widget elementor-widget-heading\" data-id=\"1246d191\" data-element_type=\"widget\" data-e-type=\"widget\" data-widget_type=\"heading.default\">\n\t\t\t\t<div class=\"elementor-widget-container\">\n\t\t\t\t\t<h6 class=\"elementor-heading-title elementor-size-default\">Individuell zugeschnittene L\u00f6sungen<\/h6>\t\t\t\t<\/div>\n\t\t\t\t<\/div>\n\t\t\t\t<div class=\"elementor-element elementor-element-6f7bb7bb elementor-widget__width-inherit elementor-widget elementor-widget-text-editor\" data-id=\"6f7bb7bb\" data-element_type=\"widget\" data-e-type=\"widget\" data-widget_type=\"text-editor.default\">\n\t\t\t\t<div class=\"elementor-widget-container\">\n\t\t\t\t\t\t\t\t\t<ul><li style=\"font-weight: 400;\" aria-level=\"2\"><span style=\"font-weight: 400;\">Ma\u00dfgeschneiderte Architekturdesigns, die genau auf die spezifischen Anforderungen und Gesch\u00e4ftsprozesse Ihres Unternehmens abgestimmt sind.<\/span><\/li><li style=\"font-weight: 400;\" aria-level=\"2\"><span style=\"font-weight: 400;\">Ber\u00fccksichtigung Ihrer bestehenden IT-Landschaft und Integration in vorhandene Systeme, um maximale Kompatibilit\u00e4t und Effizienz zu gew\u00e4hrleisten.<\/span><\/li><\/ul>\t\t\t\t\t\t\t\t<\/div>\n\t\t\t\t<\/div>\n\t\t\t\t<\/div>\n\t\t<div class=\"elementor-element elementor-element-7fe2449e e-con-full e-flex e-con e-child\" data-id=\"7fe2449e\" data-element_type=\"container\" data-e-type=\"container\">\n\t\t\t\t<div class=\"elementor-element elementor-element-23da9f7b elementor-widget__width-auto elementor-widget elementor-widget-heading\" data-id=\"23da9f7b\" data-element_type=\"widget\" data-e-type=\"widget\" data-widget_type=\"heading.default\">\n\t\t\t\t<div class=\"elementor-widget-container\">\n\t\t\t\t\t<h6 class=\"elementor-heading-title elementor-size-default\">03.<\/h6>\t\t\t\t<\/div>\n\t\t\t\t<\/div>\n\t\t\t\t<div class=\"elementor-element elementor-element-651f2be1 elementor-widget__width-auto elementor-widget-mobile__width-inherit elementor-widget elementor-widget-heading\" data-id=\"651f2be1\" data-element_type=\"widget\" data-e-type=\"widget\" data-widget_type=\"heading.default\">\n\t\t\t\t<div class=\"elementor-widget-container\">\n\t\t\t\t\t<h6 class=\"elementor-heading-title elementor-size-default\">Stabilit\u00e4t und Zuverl\u00e4ssigkeit<\/h6>\t\t\t\t<\/div>\n\t\t\t\t<\/div>\n\t\t\t\t<div class=\"elementor-element elementor-element-22c41a1e elementor-widget__width-inherit elementor-widget elementor-widget-text-editor\" data-id=\"22c41a1e\" data-element_type=\"widget\" data-e-type=\"widget\" data-widget_type=\"text-editor.default\">\n\t\t\t\t<div class=\"elementor-widget-container\">\n\t\t\t\t\t\t\t\t\t<ul><li style=\"font-weight: 400;\" aria-level=\"2\"><span style=\"font-weight: 400;\">Implementierung robuster und stabiler Datenarchitekturen, die eine hohe Verf\u00fcgbarkeit und Zuverl\u00e4ssigkeit bieten.<\/span><\/li><li style=\"font-weight: 400;\" aria-level=\"2\"><span style=\"font-weight: 400;\">Nutzung von Redundanz und Failover-Mechanismen, um Ausfallzeiten zu minimieren und kontinuierlichen Betrieb zu gew\u00e4hrleisten.<\/span><\/li><\/ul>\t\t\t\t\t\t\t\t<\/div>\n\t\t\t\t<\/div>\n\t\t\t\t<\/div>\n\t\t<div class=\"elementor-element elementor-element-9c37825 e-con-full e-flex e-con e-child\" data-id=\"9c37825\" data-element_type=\"container\" data-e-type=\"container\">\n\t\t\t\t<div class=\"elementor-element elementor-element-4fc1b8c4 elementor-widget__width-auto elementor-widget elementor-widget-heading\" data-id=\"4fc1b8c4\" data-element_type=\"widget\" data-e-type=\"widget\" data-widget_type=\"heading.default\">\n\t\t\t\t<div class=\"elementor-widget-container\">\n\t\t\t\t\t<h6 class=\"elementor-heading-title elementor-size-default\">04.<\/h6>\t\t\t\t<\/div>\n\t\t\t\t<\/div>\n\t\t\t\t<div class=\"elementor-element elementor-element-2592f91f elementor-widget__width-auto elementor-widget-mobile__width-inherit elementor-widget elementor-widget-heading\" data-id=\"2592f91f\" data-element_type=\"widget\" data-e-type=\"widget\" data-widget_type=\"heading.default\">\n\t\t\t\t<div class=\"elementor-widget-container\">\n\t\t\t\t\t<h6 class=\"elementor-heading-title elementor-size-default\">Effizientes Datenmanagement<\/h6>\t\t\t\t<\/div>\n\t\t\t\t<\/div>\n\t\t\t\t<div class=\"elementor-element elementor-element-2b7c0fcb elementor-widget__width-inherit elementor-widget elementor-widget-text-editor\" data-id=\"2b7c0fcb\" data-element_type=\"widget\" data-e-type=\"widget\" data-widget_type=\"text-editor.default\">\n\t\t\t\t<div class=\"elementor-widget-container\">\n\t\t\t\t\t\t\t\t\t<ul><li style=\"font-weight: 400;\" aria-level=\"2\"><span style=\"font-weight: 400;\">Optimierung der Datenflussprozesse, um schnelle und effiziente Datenverarbeitung und -analyse zu erm\u00f6glichen.<\/span><\/li><li style=\"font-weight: 400;\" aria-level=\"2\"><span style=\"font-weight: 400;\">Einf\u00fchrung von Governance-Richtlinien und Sicherheitsprotokollen, um die Integrit\u00e4t und Sicherheit Ihrer Daten zu gew\u00e4hrleisten.<\/span><\/li><\/ul>\t\t\t\t\t\t\t\t<\/div>\n\t\t\t\t<\/div>\n\t\t\t\t<\/div>\n\t\t\t\t<\/div>\n\t\t\t\t<\/div>\n\t\t<div class=\"elementor-element elementor-element-3ff7bc7e e-con-full e-flex e-con e-parent\" data-id=\"3ff7bc7e\" data-element_type=\"container\" data-e-type=\"container\" data-settings=\"{&quot;background_background&quot;:&quot;classic&quot;}\">\n\t\t<div class=\"elementor-element elementor-element-2606ff48 e-flex e-con-boxed e-con e-child\" data-id=\"2606ff48\" data-element_type=\"container\" data-e-type=\"container\">\n\t\t\t\t\t<div class=\"e-con-inner\">\n\t\t\t\t<div class=\"elementor-element elementor-element-6cfd0b3a elementor-widget__width-initial elementor-widget-tablet__width-initial elementor-widget-mobile__width-inherit elementor-widget elementor-widget-heading\" data-id=\"6cfd0b3a\" data-element_type=\"widget\" data-e-type=\"widget\" data-widget_type=\"heading.default\">\n\t\t\t\t<div class=\"elementor-widget-container\">\n\t\t\t\t\t<h2 class=\"elementor-heading-title elementor-size-default\">Kontaktieren Sie uns!<\/h2>\t\t\t\t<\/div>\n\t\t\t\t<\/div>\n\t\t<div class=\"elementor-element elementor-element-7424e66e e-con-full e-flex e-con e-child\" data-id=\"7424e66e\" data-element_type=\"container\" data-e-type=\"container\">\n\t\t\t\t<div class=\"elementor-element elementor-element-6ce9bf70 elementor-widget__width-initial elementor-widget-mobile__width-inherit elementor-widget-tablet__width-initial elementor-widget elementor-widget-text-editor\" data-id=\"6ce9bf70\" data-element_type=\"widget\" data-e-type=\"widget\" data-widget_type=\"text-editor.default\">\n\t\t\t\t<div class=\"elementor-widget-container\">\n\t\t\t\t\t\t\t\t\t<p>Ob Sie Fragen haben, weitere Informationen ben\u00f6tigen oder eine pers\u00f6nliche Beratung w\u00fcnschen \u2013 wir stehen Ihnen gerne zur Verf\u00fcgung.<\/p><p>F\u00fcllen Sie einfach das Kontaktformular aus oder nutzen Sie die direkten Kontaktdaten.<\/p><p>Wir freuen uns darauf, von Ihnen zu h\u00f6ren!<\/p>\t\t\t\t\t\t\t\t<\/div>\n\t\t\t\t<\/div>\n\t\t\t\t<div class=\"elementor-element elementor-element-28718f47 elementor-widget elementor-widget-button\" data-id=\"28718f47\" data-element_type=\"widget\" data-e-type=\"widget\" data-widget_type=\"button.default\">\n\t\t\t\t<div class=\"elementor-widget-container\">\n\t\t\t\t\t\t\t\t\t<div class=\"elementor-button-wrapper\">\n\t\t\t\t\t<a class=\"elementor-button elementor-button-link elementor-size-md\" href=\"https:\/\/hahneconsulting.com\/de_at\/kontakt\/\">\n\t\t\t\t\t\t<span class=\"elementor-button-content-wrapper\">\n\t\t\t\t\t\t\t\t\t<span class=\"elementor-button-text\">Kontakt<\/span>\n\t\t\t\t\t<\/span>\n\t\t\t\t\t<\/a>\n\t\t\t\t<\/div>\n\t\t\t\t\t\t\t\t<\/div>\n\t\t\t\t<\/div>\n\t\t\t\t<\/div>\n\t\t\t\t\t<\/div>\n\t\t\t\t<\/div>\n\t\t\t\t<\/div>\n\t\t\t\t<\/div>","protected":false},"excerpt":{"rendered":"<p>Architektur Wir entwerfen ma\u00dfgeschneiderte, skalierbare Datenarchitekturen, die exakt auf Ihre spezifischen Gesch\u00e4ftsanforderungen zugeschnitten sind. Unsere L\u00f6sungen schaffen nachhaltigen Mehrwert f\u00fcr Ihr Unternehmen und unterst\u00fctzen Sie dabei, fundierte Gesch\u00e4ftsentscheidungen zu treffen. Unser Konzept Fokus auf Architektur 01. Skalierbare Datenarchitekturen Entwicklung von flexiblen und skalierbaren Datenstrukturen, die mit Ihrem Unternehmen wachsen. Einsatz moderner Technologien und Best Practices, [&hellip;]<\/p>\n","protected":false},"author":2,"featured_media":0,"parent":0,"menu_order":0,"comment_status":"closed","ping_status":"closed","template":"elementor_header_footer","meta":{"footnotes":""},"class_list":["post-202","page","type-page","status-publish","hentry"],"_links":{"self":[{"href":"https:\/\/hahneconsulting.com\/de_at\/wp-json\/wp\/v2\/pages\/202","targetHints":{"allow":["GET"]}}],"collection":[{"href":"https:\/\/hahneconsulting.com\/de_at\/wp-json\/wp\/v2\/pages"}],"about":[{"href":"https:\/\/hahneconsulting.com\/de_at\/wp-json\/wp\/v2\/types\/page"}],"author":[{"embeddable":true,"href":"https:\/\/hahneconsulting.com\/de_at\/wp-json\/wp\/v2\/users\/2"}],"replies":[{"embeddable":true,"href":"https:\/\/hahneconsulting.com\/de_at\/wp-json\/wp\/v2\/comments?post=202"}],"version-history":[{"count":69,"href":"https:\/\/hahneconsulting.com\/de_at\/wp-json\/wp\/v2\/pages\/202\/revisions"}],"predecessor-version":[{"id":1208,"href":"https:\/\/hahneconsulting.com\/de_at\/wp-json\/wp\/v2\/pages\/202\/revisions\/1208"}],"wp:attachment":[{"href":"https:\/\/hahneconsulting.com\/de_at\/wp-json\/wp\/v2\/media?parent=202"}],"curies":[{"name":"wp","href":"https:\/\/api.w.org\/{rel}","templated":true}]}}