{"id":220,"date":"2024-06-18T10:12:47","date_gmt":"2024-06-18T10:12:47","guid":{"rendered":"https:\/\/hahneconsulting.com\/?page_id=220"},"modified":"2024-10-22T11:19:47","modified_gmt":"2024-10-22T11:19:47","slug":"impressum","status":"publish","type":"page","link":"https:\/\/hahneconsulting.com\/en\/impressum\/","title":{"rendered":"Imprint"},"content":{"rendered":"<div data-elementor-type=\"wp-page\" data-elementor-id=\"220\" class=\"elementor elementor-220\" data-elementor-post-type=\"page\">\n\t\t\t\t<div class=\"elementor-element elementor-element-c8b7d8b e-con-full e-flex e-con e-parent\" data-id=\"c8b7d8b\" data-element_type=\"container\" data-e-type=\"container\">\n\t\t<div class=\"elementor-element elementor-element-3c6c619 e-con-full e-flex e-con e-child\" data-id=\"3c6c619\" data-element_type=\"container\" data-e-type=\"container\">\n\t\t\t\t<div class=\"elementor-element elementor-element-ec7f441 elementor-widget elementor-widget-heading\" data-id=\"ec7f441\" data-element_type=\"widget\" data-e-type=\"widget\" data-widget_type=\"heading.default\">\n\t\t\t\t<div class=\"elementor-widget-container\">\n\t\t\t\t\t<h2 class=\"elementor-heading-title elementor-size-default\">Imprint<\/h2>\t\t\t\t<\/div>\n\t\t\t\t<\/div>\n\t\t\t\t<div class=\"elementor-element elementor-element-a03a81d elementor-widget elementor-widget-text-editor\" data-id=\"a03a81d\" data-element_type=\"widget\" data-e-type=\"widget\" data-widget_type=\"text-editor.default\">\n\t\t\t\t<div class=\"elementor-widget-container\">\n\t\t\t\t\t\t\t\t\t<p>Hahne Consulting GmbH<br \/>K\u00f6nigsberger Str. 31<br \/>55559 Bretzenheim<\/p><p>phone: +49 671 2027180<br \/>fax: +49 671 9203661<\/p><p>E-mail: info@hahneconsulting.com<br \/>Web: www.hahneconsulting.com<\/p><p>Register entry: Bad Kreuznach Local Court, HRB 20887<br \/>Managing Director: Dr Michael Hahne<br \/>VAT ID no.: DE268343076<\/p><h4>Picture credits<\/h4><p>Hahne Consulting GmbH<\/p><h4>Disclaimer and legal information<\/h4><p>This website has been compiled with the greatest possible care. Nevertheless, Hahne Consulting GmbH cannot guarantee the correctness and accuracy of the information contained herein. Hahne Consulting is not liable for any direct or indirect damages, including loss of profit, arising from incorrect information provided on this website.<\/p><h4>Important note on all links<\/h4><p>Links to third-party websites are provided on this website purely as a service or as a reference. The providers of the respective websites are themselves responsible for the content to which links are provided. Hahne Consulting does not endorse the third-party content, nor is the link intended to establish a connection between Hahne Consulting and this content.<\/p><h4>Copyright notice<\/h4><p>Copyright \u00a9 2010, 2011, 2012 Hahne Consulting GmbH, K\u00f6nigsberger Str. 31, 55559 Bretzenheim, Germany.<\/p><p>All rights reserved. All rights reserved.<\/p>\t\t\t\t\t\t\t\t<\/div>\n\t\t\t\t<\/div>\n\t\t\t\t<\/div>\n\t\t\t\t<\/div>\n\t\t\t\t<\/div>","protected":false},"excerpt":{"rendered":"<p>Impressum Hahne Consulting GmbHK\u00f6nigsberger Str. 3155559 Bretzenheim fon: +49 671 2027180fax: +49 671 9203661 E-Mail: info@hahneconsulting.comWeb: www.hahneconsulting.com Registereintrag: Amtsgericht Bad Kreuznach, HRB 20887Gesch\u00e4ftsf\u00fchrer: Dr. Michael HahneUSt.-IDnr.: DE268343076 Bildnachweis Hahne Consulting GmbH Haftungsausschluss und Rechtliche Hinweise Diese Website wurde mit gr\u00f6\u00dftm\u00f6glicher Sorgfalt zusammengestellt. Trotzdem kann die Hahne Consulting GmbH f\u00fcr die Fehlerfreiheit und Genauigkeit der enthaltenen [&hellip;]<\/p>\n","protected":false},"author":2,"featured_media":0,"parent":0,"menu_order":0,"comment_status":"closed","ping_status":"closed","template":"elementor_header_footer","meta":{"footnotes":""},"class_list":["post-220","page","type-page","status-publish","hentry"],"_links":{"self":[{"href":"https:\/\/hahneconsulting.com\/en\/wp-json\/wp\/v2\/pages\/220","targetHints":{"allow":["GET"]}}],"collection":[{"href":"https:\/\/hahneconsulting.com\/en\/wp-json\/wp\/v2\/pages"}],"about":[{"href":"https:\/\/hahneconsulting.com\/en\/wp-json\/wp\/v2\/types\/page"}],"author":[{"embeddable":true,"href":"https:\/\/hahneconsulting.com\/en\/wp-json\/wp\/v2\/users\/2"}],"replies":[{"embeddable":true,"href":"https:\/\/hahneconsulting.com\/en\/wp-json\/wp\/v2\/comments?post=220"}],"version-history":[{"count":13,"href":"https:\/\/hahneconsulting.com\/en\/wp-json\/wp\/v2\/pages\/220\/revisions"}],"predecessor-version":[{"id":1199,"href":"https:\/\/hahneconsulting.com\/en\/wp-json\/wp\/v2\/pages\/220\/revisions\/1199"}],"wp:attachment":[{"href":"https:\/\/hahneconsulting.com\/en\/wp-json\/wp\/v2\/media?parent=220"}],"curies":[{"name":"wp","href":"https:\/\/api.w.org\/{rel}","templated":true}]}}