{"id":222,"date":"2024-06-18T10:12:59","date_gmt":"2024-06-18T10:12:59","guid":{"rendered":"https:\/\/hahneconsulting.com\/?page_id=222"},"modified":"2024-07-03T19:05:16","modified_gmt":"2024-07-03T19:05:16","slug":"datenschutzerklaerung","status":"publish","type":"page","link":"https:\/\/hahneconsulting.com\/es\/datenschutzerklaerung\/","title":{"rendered":"Pol\u00edtica de privacidad"},"content":{"rendered":"<div data-elementor-type=\"wp-page\" data-elementor-id=\"222\" class=\"elementor elementor-222\" data-elementor-post-type=\"page\">\n\t\t\t\t<div class=\"elementor-element elementor-element-a799758 e-con-full e-flex e-con e-parent\" data-id=\"a799758\" data-element_type=\"container\" data-e-type=\"container\">\n\t\t<div class=\"elementor-element elementor-element-83fe71c e-con-full e-flex e-con e-child\" data-id=\"83fe71c\" data-element_type=\"container\" data-e-type=\"container\">\n\t\t\t\t<div class=\"elementor-element elementor-element-cd635bd elementor-widget elementor-widget-heading\" data-id=\"cd635bd\" data-element_type=\"widget\" data-e-type=\"widget\" data-widget_type=\"heading.default\">\n\t\t\t\t<div class=\"elementor-widget-container\">\n\t\t\t\t\t<h2 class=\"elementor-heading-title elementor-size-default\">Pol\u00edtica de privacidad<\/h2>\t\t\t\t<\/div>\n\t\t\t\t<\/div>\n\t\t\t\t<div class=\"elementor-element elementor-element-62688a5 elementor-widget elementor-widget-text-editor\" data-id=\"62688a5\" data-element_type=\"widget\" data-e-type=\"widget\" data-widget_type=\"text-editor.default\">\n\t\t\t\t<div class=\"elementor-widget-container\">\n\t\t\t\t\t\t\t\t\t<div title=\"P\u00e1gina 1\"><div><div><p>Informaci\u00f3n general<\/p><p>\u00a0<\/p><\/div><\/div><div><div><p>Esta pol\u00edtica de privacidad contiene informaci\u00f3n detallada sobre lo que ocurre con sus datos personales cuando visita nuestro sitio web www.hahneconsulting.de. Por datos personales se entiende cualquier dato que pueda utilizarse para identificarle personalmente. Al procesar sus datos, cumplimos estrictamente las disposiciones legales, en particular el Reglamento General de Protecci\u00f3n de Datos (\"RGPD\"), y concedemos gran importancia a garantizar que su visita a nuestro sitio web sea absolutamente segura.<\/p><p>\u00a0<\/p><p>Organismo responsable<\/p><p>\u00a0<\/p><p>El responsable de la protecci\u00f3n de datos encargado de la recogida y el tratamiento de datos personales en este sitio web es<\/p><p>\u00a0<\/p><p>Nombre, apellido: Dr Micheal Hahne<br \/>Calle, n\u00famero: Hahne Consulting GmbH K\u00f6nigsberger Str. 31 C\u00f3digo postal, ciudad: 55559 Bretzenheim<br \/>Pa\u00eds: Alemania<br \/>Correo electr\u00f3nico: info@hahneconsulting.de<br \/>Tel\u00e9fono: +49 671 2027180<\/p><p>\u00a0<\/p><p>Responsable de protecci\u00f3n de datos<\/p><p>\u00a0<\/p><p>El responsable interno de la protecci\u00f3n de datos del responsable del tratamiento es<\/p><p>\u00a0<\/p><p>Nombre, apellidos: Dr Michael Hahne<br \/>Calle, n\u00famero: Hahne Consulting GmbH K\u00f6nigsberger Str. 31 C\u00f3digo postal, ciudad: 55559 Bretzenheim<br \/>Pa\u00eds: Alemania<br \/>Correo electr\u00f3nico: info@hahneconsulting.de<br \/>Tel\u00e9fono: +49 671 2027180<\/p><p>\u00a0<\/p><p>Cualquier interesado puede dirigirse directamente a nuestro responsable de protecci\u00f3n de datos en cualquier momento para plantear cualquier pregunta o sugerencia en relaci\u00f3n con la protecci\u00f3n de datos.<\/p><p>\u00a0<\/p><p>Formulario de contacto<\/p><p>\u00a0<\/p><p>Si se pone en contacto con nosotros por correo electr\u00f3nico o a trav\u00e9s de un formulario de contacto, los datos transmitidos, incluidos sus datos de contacto, se almacenar\u00e1n con el fin de procesar su consulta o estar disponibles para preguntas de seguimiento. Estos datos no se transmitir\u00e1n sin su consentimiento.<\/p><\/div><\/div><\/div><div title=\"P\u00e1gina 2\"><div><div><p>\u00a0<\/p><\/div><\/div><div><div><p>Los datos introducidos en el formulario de contacto se procesan exclusivamente sobre la base de su consentimiento (Art. 6 p\u00e1rrafo 1 lit. a GDPR). Puede revocar su consentimiento en cualquier momento. Una notificaci\u00f3n informal por correo electr\u00f3nico es suficiente para la revocaci\u00f3n. La legalidad de las operaciones de tratamiento de datos realizadas hasta la revocaci\u00f3n no se ver\u00e1 afectada por \u00e9sta.<\/p><p>\u00a0<\/p><p>Los datos transmitidos a trav\u00e9s del formulario de contacto permanecer\u00e1n con nosotros hasta que nos pida que los borremos, revoque su consentimiento para el almacenamiento o hasta que ya no haya necesidad de almacenar los datos. Las disposiciones legales obligatorias, en particular los periodos de conservaci\u00f3n, no se ver\u00e1n afectadas.<\/p><p>\u00a0<\/p><p>Uso y divulgaci\u00f3n de datos<\/p><p>\u00a0<\/p><p>No venderemos ni comercializaremos a terceros los datos personales que nos facilite, por ejemplo, por correo electr\u00f3nico (como su nombre y direcci\u00f3n o su direcci\u00f3n de correo electr\u00f3nico). Sus datos personales s\u00f3lo se procesar\u00e1n para mantener correspondencia con usted y \u00fanicamente para el fin para el que nos los haya facilitado. Para tramitar los pagos, transmitimos sus datos de pago a la entidad de cr\u00e9dito encargada del pago.<\/p><p>\u00a0<\/p><p>Los datos que se recogen autom\u00e1ticamente cuando visita nuestro sitio web s\u00f3lo se utilizan para los fines mencionados. Los datos no se utilizar\u00e1n para ning\u00fan otro fin.<\/p><p>\u00a0<\/p><p>Le aseguramos que no transmitiremos sus datos personales a terceros a menos que estemos legalmente obligados a hacerlo o usted nos haya dado su consentimiento previo.<\/p><p>\u00a0<\/p><p>Cifrado SSL o TLS<\/p><p>\u00a0<\/p><p>Nuestro sitio web utiliza cifrado SSL o TLS por motivos de seguridad y para proteger la transmisi\u00f3n de contenidos confidenciales, como las consultas que nos env\u00eda como operador del sitio. Puede reconocer una conexi\u00f3n cifrada por el hecho de que la l\u00ednea de direcci\u00f3n del navegador cambia de \"http:\/\/\" a \"https:\/\/\" y por el s\u00edmbolo del candado en la l\u00ednea de su navegador.<\/p><p>\u00a0<\/p><p>Si el cifrado SSL o TLS est\u00e1 activado, los datos que nos transmita no podr\u00e1n ser le\u00eddos por terceros.<\/p><p>\u00a0<\/p><p>\u00a71 Per\u00edodo de almacenamiento<\/p><p>\u00a0<\/p><p>Los datos personales que se nos faciliten a trav\u00e9s de nuestro sitio web s\u00f3lo se almacenar\u00e1n hasta que se haya cumplido la finalidad para la que se nos confiaron. En la medida en que deban respetarse los plazos de conservaci\u00f3n previstos en la legislaci\u00f3n mercantil y fiscal, el periodo de conservaci\u00f3n de determinados datos podr\u00e1 ser de hasta 10 a\u00f1os.<\/p><\/div><\/div><\/div><div title=\"P\u00e1gina 3\"><div><div><p>\u00a0<\/p><p>\u00a72 Derechos de los interesados<\/p><\/div><\/div><div><div><p>\u00a0<\/p><p>Como interesado, tiene los siguientes derechos frente al responsable del tratamiento en relaci\u00f3n con los datos personales que le conciernen de conformidad con las disposiciones legales:<\/p><p>\u00a0<\/p><p>2.1 Derecho de anulaci\u00f3n<\/p><p>\u00a0<\/p><p>Muchas operaciones de tratamiento de datos s\u00f3lo son posibles con su consentimiento expreso. Si el tratamiento de sus datos se basa en su consentimiento, tiene derecho a retirarlo en cualquier momento con efectos para el futuro, de conformidad con el art\u00edculo 7, apartado 3, del RGPD. La retirada del consentimiento no afectar\u00e1 a la legalidad del tratamiento basado en el consentimiento antes de su retirada. El almacenamiento de datos con fines de facturaci\u00f3n y contabilidad no se ver\u00e1 afectado por una revocaci\u00f3n.<\/p><p>\u00a0<\/p><p>2.2 Derecho a la informaci\u00f3n<\/p><p>\u00a0<\/p><p>De conformidad con el art\u00edculo 15 del RGPD, tiene derecho a que le confirmemos si estamos tratando datos personales que le conciernen. Si se est\u00e1 llevando a cabo dicho tratamiento, tiene derecho a recibir informaci\u00f3n sobre sus datos personales tratados por nosotros, los fines del tratamiento, las categor\u00edas de datos personales tratados, los destinatarios o categor\u00edas de destinatarios a los que se han comunicado o se comunicar\u00e1n sus datos, el per\u00edodo de conservaci\u00f3n previsto o los criterios para determinar el per\u00edodo de conservaci\u00f3n, la existencia de un derecho de rectificaci\u00f3n, supresi\u00f3n o limitaci\u00f3n del tratamiento y el derecho a oponerse a dicho tratamiento. los criterios para determinar el per\u00edodo de almacenamiento, la existencia de un derecho de rectificaci\u00f3n, supresi\u00f3n, limitaci\u00f3n del tratamiento, oposici\u00f3n al tratamiento, reclamaci\u00f3n ante una autoridad de control, el origen de sus datos si no los hemos obtenido de usted, la existencia de una toma de decisiones automatizada, incluida la elaboraci\u00f3n de perfiles y, si procede, informaci\u00f3n significativa sobre la l\u00f3gica implicada y el alcance y los efectos previstos de dicho tratamiento sobre usted, as\u00ed como su derecho a ser informado de las garant\u00edas de conformidad con el art\u00edculo 46 del RGPD si sus datos se transfieren a terceros pa\u00edses.<\/p><p>\u00a0<\/p><p>2.3 Derecho de rectificaci\u00f3n<\/p><p>\u00a0<\/p><p>De conformidad con el art\u00edculo 16 del RGPD, tiene derecho a solicitar en cualquier momento la correcci\u00f3n inmediata de los datos personales incorrectos que le conciernan y\/o que se completen los datos incompletos.<\/p><p>\u00a0<\/p><p>2.4 Derecho de anulaci\u00f3n<\/p><p>\u00a0<\/p><p>Tiene derecho a solicitar la supresi\u00f3n de sus datos personales de conformidad con el art\u00edculo 17 del RGPD si concurre uno de los motivos siguientes:<\/p><p>\u00a0<\/p><p>a) Sus datos personales ya no son necesarios para los fines para los que fueron recogidos o tratados de otro modo.<\/p><p>\u00a0<\/p><\/div><\/div><\/div><div title=\"P\u00e1gina 4\"><div><div><p>b) Usted revoca el consentimiento en el que se basaba el tratamiento de conformidad con el art\u00edculo 6, apartado 1, letra a), o el art\u00edculo 9, apartado 2, letra a), del RGPD y no existe ning\u00fan otro fundamento jur\u00eddico para el tratamiento.<\/p><p>\u00a0<\/p><p>c) Se opone al tratamiento de conformidad con el art\u00edculo 21, apartado 1, del RGPD y no existen motivos leg\u00edtimos imperiosos para el tratamiento, o se opone al tratamiento de conformidad con el art\u00edculo 21, apartado 2, del RGPD.<\/p><p>\u00a0<\/p><p>d) Los datos personales han sido tratados ilegalmente.<\/p><p>\u00a0<\/p><p>e) La supresi\u00f3n de datos personales es necesaria para cumplir una obligaci\u00f3n legal en virtud del Derecho de la Uni\u00f3n o del Derecho del Estado miembro al que estamos sujetos.<\/p><p>\u00a0<\/p><p>f) Los datos personales se recogieron en relaci\u00f3n con los servicios de la sociedad de la informaci\u00f3n ofrecidos de conformidad con el art\u00edculo 8, apartado 1, del RGPD.<\/p><p>\u00a0<\/p><p>Sin embargo, este derecho no se aplica si el tratamiento es necesario:<\/p><p><br \/>a) ejercer el derecho a la libertad de expresi\u00f3n e informaci\u00f3n;<\/p><p>\u00a0<\/p><p>b) para el cumplimiento de una obligaci\u00f3n legal que exija el tratamiento en virtud del Derecho de la Uni\u00f3n o de los Estados miembros al que estemos sujetos, o para el cumplimiento de una misi\u00f3n realizada en inter\u00e9s p\u00fablico o en el ejercicio de poderes p\u00fablicos que nos hayan sido conferidos;<\/p><p>\u00a0<\/p><p>c) por razones de inter\u00e9s p\u00fablico en el \u00e1mbito de la salud p\u00fablica, de conformidad con el art\u00edculo 9, apartado 2, letras h) e i), y el art\u00edculo 9, apartado 3, del RGPD;<\/p><p>\u00a0<\/p><p>d) para fines de archivo en inter\u00e9s p\u00fablico, fines de investigaci\u00f3n cient\u00edfica o hist\u00f3rica o fines estad\u00edsticos de conformidad con el art\u00edculo 89, apartado 1, del RGPD, en la medida en que el derecho del interesado pueda hacer imposible o perjudicar gravemente la consecuci\u00f3n de los objetivos de dicho tratamiento, o<\/p><p>\u00a0<\/p><p>e) para la formulaci\u00f3n, el ejercicio o la defensa de reclamaciones judiciales.<\/p><p>\u00a0<\/p><p>Si hemos hecho p\u00fablicos sus datos personales y estamos obligados a suprimirlos de conformidad con lo anterior, tomaremos las medidas adecuadas, incluidas medidas t\u00e9cnicas, teniendo en cuenta la tecnolog\u00eda disponible y los costes de aplicaci\u00f3n, para informar a los responsables del tratamiento que procesan los datos personales de que usted, como interesado, les ha solicitado que supriman todos los enlaces a sus datos personales o copias o r\u00e9plicas de estos datos personales.<\/p><p>\u00a0<\/p><p>2.5 Derecho a la limitaci\u00f3n del tratamiento<\/p><p>\u00a0<\/p><\/div><\/div><\/div><div title=\"P\u00e1gina 5\"><div><div><p>Tiene derecho a solicitar la restricci\u00f3n del tratamiento (bloqueo) de sus datos personales de conformidad con el art\u00edculo 18 del RGPD. Para ello, puede ponerse en contacto con nosotros en cualquier momento en la direcci\u00f3n indicada en el aviso legal. El derecho a la restricci\u00f3n del tratamiento existe en los siguientes casos<\/p><p>\u00a0<\/p><p>a) Si impugna la exactitud de sus datos personales almacenados por nosotros, por lo general necesitamos tiempo para verificarlo. Mientras dure la revisi\u00f3n, tiene derecho a solicitar que se restrinja el tratamiento de sus datos personales.<\/p><p>\u00a0<\/p><p>b) Si el tratamiento de sus datos personales se ha realizado de forma il\u00edcita, puede solicitar la limitaci\u00f3n del tratamiento de datos en lugar de su supresi\u00f3n.<\/p><p>\u00a0<\/p><p>c) Si ya no necesitamos sus datos personales, pero usted los necesita para el ejercicio, defensa o reclamaci\u00f3n de acciones legales, tiene derecho a solicitar la limitaci\u00f3n del tratamiento de sus datos personales en lugar de su supresi\u00f3n.<\/p><p>\u00a0<\/p><p>d) Si ha presentado una objeci\u00f3n de conformidad con el art\u00edculo 21, apartado 1, del RGPD, debe alcanzarse un equilibrio entre sus intereses y los nuestros. Mientras no se haya determinado qu\u00e9 intereses prevalecen, usted tiene derecho a solicitar la restricci\u00f3n del tratamiento de sus datos personales.<\/p><p>\u00a0<\/p><p>Si ha restringido el tratamiento de sus datos personales, estos datos -aparte de su almacenamiento- s\u00f3lo podr\u00e1n tratarse con su consentimiento o para el reconocimiento, ejercicio o defensa de un derecho en un procedimiento judicial o para la protecci\u00f3n de los derechos de otra persona f\u00edsica o jur\u00eddica o por razones de inter\u00e9s p\u00fablico importantes de la UE o de un Estado miembro.<\/p><p>\u00a0<\/p><p>2.6 Derecho a la informaci\u00f3n<\/p><p>\u00a0<\/p><p>Si nos ha hecho valer el derecho de rectificaci\u00f3n, supresi\u00f3n o limitaci\u00f3n del tratamiento, estamos obligados a notificar esta rectificaci\u00f3n o supresi\u00f3n de los datos o limitaci\u00f3n del tratamiento a todos los destinatarios a los que se hayan comunicado sus datos personales, a menos que esto resulte imposible o suponga un esfuerzo desproporcionado. De conformidad con el art\u00edculo 19 del RGPD, tiene derecho a ser informado sobre estos destinatarios previa solicitud.<\/p><p>\u00a0<\/p><p>2.7 Derecho a no ser objeto de una decisi\u00f3n basada \u00fanicamente en el tratamiento automatizado, incluida la elaboraci\u00f3n de perfiles<\/p><p>\u00a0<\/p><p>De conformidad con el art\u00edculo 22 del RGPD, tiene derecho a no ser objeto de una decisi\u00f3n basada \u00fanicamente en el tratamiento automatizado, incluida la elaboraci\u00f3n de perfiles, que produzca efectos jur\u00eddicos en usted o le afecte de forma similar.<\/p><p>\u00a0<\/p><\/div><\/div><\/div><div title=\"P\u00e1gina 6\"><div><div><p>significativamente deteriorada.<br \/>Esto no se aplica si la decisi\u00f3n<\/p><p>\u00a0<\/p><p>a) sea necesaria para la celebraci\u00f3n o el cumplimiento de un contrato entre usted y nosotros,<\/p><p>\u00a0<\/p><p>b) est\u00e9 autorizada por el Derecho de la Uni\u00f3n o de los Estados miembros al que est\u00e9 sujeto el responsable del tratamiento y que tambi\u00e9n establezca medidas adecuadas para salvaguardar sus derechos y libertades e intereses leg\u00edtimos; o bien<\/p><p>\u00a0<\/p><p>c) con su consentimiento expreso.<\/p><p>\u00a0<\/p><p>No obstante, las decisiones en los casos contemplados en las letras a) a c) no podr\u00e1n basarse en categor\u00edas especiales de datos personales de conformidad con el art\u00edculo 9, apartado 1 del RGPD, salvo que sea de aplicaci\u00f3n el art\u00edculo 9, apartado 2, letra a) o g) y se hayan tomado las medidas adecuadas para proteger los derechos y libertades y sus intereses leg\u00edtimos.<\/p><p>\u00a0<\/p><p>En los casos contemplados en las letras a) y c), adoptaremos medidas razonables para salvaguardar sus derechos y libertades y sus intereses leg\u00edtimos, incluido al menos el derecho a obtener la intervenci\u00f3n de una persona por parte del responsable del tratamiento, a expresar su punto de vista y a impugnar la decisi\u00f3n.<\/p><p>\u00a0<\/p><p>2.8 Derecho a la portabilidad de los datos<\/p><p>\u00a0<\/p><p>Si el tratamiento se basa en su consentimiento de conformidad con el Art. 6 p\u00e1rr. 1 lit. a GDPR o el Art. 9 p\u00e1rr. 2 lit. a GDPR o en un contrato de conformidad con el Art. 6 p\u00e1rr. 1 lit. b GDPR y se lleva a cabo utilizando procedimientos automatizados, tiene derecho, de conformidad con el Art. 20 GDPR, a recibir sus datos personales que nos ha proporcionado en un formato estructurado, com\u00fan y legible por m\u00e1quina y transferirlos a otra persona responsable o solicitar que se transfieran a otra persona responsable, siempre que sea t\u00e9cnicamente factible.<\/p><p>\u00a0<\/p><p>2.9 Derecho de oposici\u00f3n<\/p><p>\u00a0<\/p><p>En la medida en que basamos el tratamiento de sus datos personales en la ponderaci\u00f3n de intereses de conformidad con el art\u00edculo 6, apartado 1, letra f) del RGPD, usted tiene derecho a oponerse al tratamiento de sus datos personales en cualquier momento por motivos derivados de su situaci\u00f3n particular; esto tambi\u00e9n se aplica a la elaboraci\u00f3n de perfiles basada en esta disposici\u00f3n. La base jur\u00eddica en la que se fundamenta el tratamiento figura en esta pol\u00edtica de privacidad. Si se opone, dejaremos de tratar los datos personales en cuesti\u00f3n, a menos que podamos demostrar motivos leg\u00edtimos imperiosos para el tratamiento que prevalezcan sobre sus intereses, derechos y libertades, o que el tratamiento sirva para el establecimiento, ejercicio o defensa de reclamaciones legales (oposici\u00f3n con arreglo al art\u00edculo 21, apartado 1, del RGPD).<\/p><p>\u00a0<\/p><\/div><\/div><\/div><div title=\"P\u00e1gina 7\"><div><div><p>Si sus datos personales se procesan con fines de mercadotecnia directa, tiene derecho a oponerse en cualquier momento al procesamiento de los datos personales que le conciernen con fines de dicha mercadotecnia; esto tambi\u00e9n se aplica a la elaboraci\u00f3n de perfiles en la medida en que est\u00e9 asociada a dicha mercadotecnia directa. Si se opone, sus datos personales dejar\u00e1n de utilizarse para fines de mercadotecnia directa (oposici\u00f3n con arreglo al art\u00edculo 21, apartado 2, del RGPD).<\/p><p>\u00a0<\/p><p>No obstante lo dispuesto en la Directiva 2002\/58\/CE, usted tiene la opci\u00f3n de ejercer su derecho de oposici\u00f3n en relaci\u00f3n con el uso de servicios de la sociedad de la informaci\u00f3n mediante procedimientos automatizados que utilizan especificaciones t\u00e9cnicas.<\/p><p>\u00a0<\/p><p>2.10 Derecho a presentar una reclamaci\u00f3n ante la autoridad de control competente de conformidad con el art\u00edculo 77 del RGPD.<\/p><p>\u00a0<\/p><p>En caso de violaci\u00f3n del RGPD, los interesados tienen derecho a presentar una reclamaci\u00f3n ante una autoridad de control, en particular en el Estado miembro de su residencia habitual, lugar de trabajo o lugar de la presunta violaci\u00f3n. El derecho a presentar una reclamaci\u00f3n se entiende sin perjuicio de cualquier otro recurso administrativo o judicial.<\/p><p>\u00a0<\/p><p>La autoridad supervisora responsable de nosotros es<br \/>Comisario de Protecci\u00f3n de Datos y Libertad de Informaci\u00f3n de Renania-Palatinado<\/p><p>\u00a0<\/p><p>Apartado de correos 30 40 55020 Maguncia<\/p><p>Hintere Bleiche 34 55116 Maguncia<\/p><p>Tel\u00e9fono: 061 31\/8920-0<br \/>Correo electr\u00f3nico: poststelle@datenschutz.rlp.de Internet: https:\/\/www.datenschutz.rlp.de<\/p><p>\u00a0<\/p><p>Validez y modificaci\u00f3n de la presente pol\u00edtica de privacidad<\/p><p>\u00a0<\/p><p>Esta pol\u00edtica de privacidad es v\u00e1lida a partir del 3 de julio de 2024. Nos reservamos el derecho a modificar esta pol\u00edtica de privacidad en cualquier momento de conformidad con la normativa aplicable en materia de protecci\u00f3n de datos. Esto puede ser necesario, por ejemplo, para cumplir con nuevas disposiciones legales o para tener en cuenta cambios en nuestro sitio web o nuevos servicios en nuestro sitio web. Se aplicar\u00e1 la versi\u00f3n disponible en el momento de su visita.<\/p><p>\u00a0<\/p><p>Si se modifica esta Pol\u00edtica de Privacidad, tenemos la intenci\u00f3n de publicar los cambios en esta p\u00e1gina para que usted sea plenamente consciente de qu\u00e9 informaci\u00f3n personal recogemos, c\u00f3mo la procesamos y en qu\u00e9 circunstancias puede ser revelada.<\/p><\/div><\/div><\/div>\t\t\t\t\t\t\t\t<\/div>\n\t\t\t\t<\/div>\n\t\t\t\t<\/div>\n\t\t\t\t<\/div>\n\t\t\t\t<\/div>","protected":false},"excerpt":{"rendered":"<p>Datenschutzerkl\u00e4rung Allgemeine Hinweise \u00a0 Diese Datenschutzerkla\u0308rung entha\u0308lt ausfu\u0308hrliche Informationen daru\u0308ber, was mit Ihren perso\u0308nlichen Daten passiert, wenn Sie unsere Website www.hahneconsulting.de besuchen. Personenbezogene Daten sind alle Daten, mit denen Sie sich perso\u0308nlich identifizieren ko\u0308nnen. Wir halten uns bei der Verarbeitung Ihrer Daten streng an die gesetzlichen Bestimmungen, insbesondere die Datenschutzgrundverordnung (\u201eDSGVO\u201c), und legen gro\u00dfen Wert [&hellip;]<\/p>\n","protected":false},"author":2,"featured_media":0,"parent":0,"menu_order":0,"comment_status":"closed","ping_status":"closed","template":"elementor_header_footer","meta":{"footnotes":""},"class_list":["post-222","page","type-page","status-publish","hentry"],"_links":{"self":[{"href":"https:\/\/hahneconsulting.com\/es\/wp-json\/wp\/v2\/pages\/222","targetHints":{"allow":["GET"]}}],"collection":[{"href":"https:\/\/hahneconsulting.com\/es\/wp-json\/wp\/v2\/pages"}],"about":[{"href":"https:\/\/hahneconsulting.com\/es\/wp-json\/wp\/v2\/types\/page"}],"author":[{"embeddable":true,"href":"https:\/\/hahneconsulting.com\/es\/wp-json\/wp\/v2\/users\/2"}],"replies":[{"embeddable":true,"href":"https:\/\/hahneconsulting.com\/es\/wp-json\/wp\/v2\/comments?post=222"}],"version-history":[{"count":4,"href":"https:\/\/hahneconsulting.com\/es\/wp-json\/wp\/v2\/pages\/222\/revisions"}],"predecessor-version":[{"id":1140,"href":"https:\/\/hahneconsulting.com\/es\/wp-json\/wp\/v2\/pages\/222\/revisions\/1140"}],"wp:attachment":[{"href":"https:\/\/hahneconsulting.com\/es\/wp-json\/wp\/v2\/media?parent=222"}],"curies":[{"name":"wp","href":"https:\/\/api.w.org\/{rel}","templated":true}]}}